{"id":13,"date":"2020-12-12T14:35:58","date_gmt":"2020-12-12T14:35:58","guid":{"rendered":"https:\/\/beemagic.asia\/?page_id=13"},"modified":"2022-06-22T08:08:01","modified_gmt":"2022-06-22T08:08:01","slug":"book-a-stay","status":"publish","type":"page","link":"https:\/\/beemagic.asia\/?page_id=13","title":{"rendered":"BEEmagic Reisen"},"content":{"rendered":"\n<p><em>Wir sprechen Englisch, Thail\u00e4ndisch, Japanisch und Laotisch. Auf Anfrage hin auch Deutsch und Schweizerdeutsch an gewissen Daten.<\/em><\/p>\n\n\n\n<p><strong>Gef\u00fchrte Kleingruppen Touren<\/strong> <br>finden von November bis Anfangs M\u00e4rz statt.<\/p>\n\n\n\n<p><\/p>\n\n\n\n<p><strong>Individual Reisende und Backpacker, \u00dcbernachtung in der Beemagic Farm<br><\/strong>Hier kannst du einfach ein paar N\u00e4chte in unserem einfachen Holzhaus in der Beemagic Farm \u00fcbernachten. Die Farm ist sehr abgelegen, du brauchst entweder ein Motorrad oder wir k\u00f6nnen dich ab Luang Prabang mit dem Auto abholen. Ebenfalls fahren regelm\u00e4ssig Minibuse zum n\u00e4chstgelegenen Ort. <\/p>\n\n\n\n<p>Zur \u00dcbernachtung geh\u00f6rt ein einfaches laotisches Fr\u00fchst\u00fcck und Abendessen,  mit Reis, Gem\u00fcse und Obst aus der Farm. F\u00fcr Fleischesser gibt es kulinarisches Freiwild, wie Fr\u00f6sche und Fisch. Auf dem Markt und in gr\u00f6sseren Ortschaften findet man auch noch andere Fleischsorten, Getreide, Milch und sonstige knabberten. Diese sind allerdings nicht inbegriffen im Preis. Es kann auch selber \u00fcber dem Feuer gekocht werden.<\/p>\n\n\n\n<figure class=\"wp-block-image size-large\"><img loading=\"lazy\" decoding=\"async\" width=\"1024\" height=\"470\" src=\"https:\/\/beemagic.asia\/wp-content\/uploads\/2022\/06\/d0b565e6-3e3d-4997-aa87-963a2c02a5c3-1024x470.jpg\" alt=\"\" class=\"wp-image-700\" srcset=\"https:\/\/beemagic.asia\/wp-content\/uploads\/2022\/06\/d0b565e6-3e3d-4997-aa87-963a2c02a5c3-1024x470.jpg 1024w, https:\/\/beemagic.asia\/wp-content\/uploads\/2022\/06\/d0b565e6-3e3d-4997-aa87-963a2c02a5c3-300x138.jpg 300w, https:\/\/beemagic.asia\/wp-content\/uploads\/2022\/06\/d0b565e6-3e3d-4997-aa87-963a2c02a5c3-768x353.jpg 768w, https:\/\/beemagic.asia\/wp-content\/uploads\/2022\/06\/d0b565e6-3e3d-4997-aa87-963a2c02a5c3-600x276.jpg 600w, https:\/\/beemagic.asia\/wp-content\/uploads\/2022\/06\/d0b565e6-3e3d-4997-aa87-963a2c02a5c3.jpg 1280w\" sizes=\"(max-width: 1024px) 100vw, 1024px\" \/><\/figure>\n\n\n\n<figure class=\"wp-block-image size-large is-resized\"><img loading=\"lazy\" decoding=\"async\" src=\"https:\/\/beemagic.asia\/wp-content\/uploads\/2022\/06\/a3661f57-f5fe-4f73-b3fd-92d717ca8ba101-1024x768.jpg\" alt=\"\" class=\"wp-image-699\" width=\"381\" height=\"286\" srcset=\"https:\/\/beemagic.asia\/wp-content\/uploads\/2022\/06\/a3661f57-f5fe-4f73-b3fd-92d717ca8ba101-1024x768.jpg 1024w, https:\/\/beemagic.asia\/wp-content\/uploads\/2022\/06\/a3661f57-f5fe-4f73-b3fd-92d717ca8ba101-300x225.jpg 300w, https:\/\/beemagic.asia\/wp-content\/uploads\/2022\/06\/a3661f57-f5fe-4f73-b3fd-92d717ca8ba101-768x576.jpg 768w, https:\/\/beemagic.asia\/wp-content\/uploads\/2022\/06\/a3661f57-f5fe-4f73-b3fd-92d717ca8ba101-600x450.jpg 600w, https:\/\/beemagic.asia\/wp-content\/uploads\/2022\/06\/a3661f57-f5fe-4f73-b3fd-92d717ca8ba101.jpg 1280w\" sizes=\"(max-width: 381px) 100vw, 381px\" \/><\/figure>\n\n\n\n<figure class=\"wp-block-image size-large is-resized\"><img loading=\"lazy\" decoding=\"async\" src=\"https:\/\/beemagic.asia\/wp-content\/uploads\/2022\/06\/cf7b4003-32fd-496c-bfdb-051aa126de44-768x1024.jpg\" alt=\"\" class=\"wp-image-698\" width=\"377\" height=\"502\" srcset=\"https:\/\/beemagic.asia\/wp-content\/uploads\/2022\/06\/cf7b4003-32fd-496c-bfdb-051aa126de44-768x1024.jpg 768w, https:\/\/beemagic.asia\/wp-content\/uploads\/2022\/06\/cf7b4003-32fd-496c-bfdb-051aa126de44-225x300.jpg 225w, https:\/\/beemagic.asia\/wp-content\/uploads\/2022\/06\/cf7b4003-32fd-496c-bfdb-051aa126de44-600x800.jpg 600w, https:\/\/beemagic.asia\/wp-content\/uploads\/2022\/06\/cf7b4003-32fd-496c-bfdb-051aa126de44.jpg 960w\" sizes=\"(max-width: 377px) 100vw, 377px\" \/><\/figure>\n\n\n\n<figure class=\"wp-block-image size-large is-resized\"><img loading=\"lazy\" decoding=\"async\" src=\"https:\/\/beemagic.asia\/wp-content\/uploads\/2022\/06\/66f67f48-b25c-466f-9a69-78ce451fd1b0-768x1024.jpg\" alt=\"\" class=\"wp-image-697\" width=\"368\" height=\"491\" srcset=\"https:\/\/beemagic.asia\/wp-content\/uploads\/2022\/06\/66f67f48-b25c-466f-9a69-78ce451fd1b0-768x1024.jpg 768w, https:\/\/beemagic.asia\/wp-content\/uploads\/2022\/06\/66f67f48-b25c-466f-9a69-78ce451fd1b0-225x300.jpg 225w, https:\/\/beemagic.asia\/wp-content\/uploads\/2022\/06\/66f67f48-b25c-466f-9a69-78ce451fd1b0-600x800.jpg 600w, https:\/\/beemagic.asia\/wp-content\/uploads\/2022\/06\/66f67f48-b25c-466f-9a69-78ce451fd1b0.jpg 960w\" sizes=\"(max-width: 368px) 100vw, 368px\" \/><\/figure>\n\n\n\n<div class=\"wp-block-columns is-layout-flex wp-container-core-columns-is-layout-1 wp-block-columns-is-layout-flex\">\n<div class=\"wp-block-column is-layout-flow wp-block-column-is-layout-flow\" style=\"flex-basis:100%\"><div class=\"mphb_sc_search-wrapper \">\n<form method=\"GET\" class=\"mphb_sc_search-form\" action=\"https:\/\/beemagic.asia\/?page_id=98\" data-first_available_check_in_date=\"2027-04-22\">\n\n\t<input type=\"hidden\" name=\"page_id\" value=\"98\" \/><p class = \"mphb-required-fields-tip\">\n\t<small>\n\t\tErforderliche Felder werden gefolgt von\t\t<abbr title=\"required\">*<\/abbr>\n\t<\/small>\n<\/p>\n\n\t<p class=\"mphb_sc_search-check-in-date\">\n\t\t<label for=\"mphb_check_in_date-mphb-search-form-69e3965b0fd25\">\n\t\t\tAnreise\t\t\t<abbr title=\"Formatiert als dd\/mm\/yyyy\">*<\/abbr>\n\t\t<\/label>\n\t\t<br \/>\n\t\t<input\n\t\t\tid=\"mphb_check_in_date-mphb-search-form-69e3965b0fd25\"\n\t\t\tdata-datepick-group=\"mphb-search-form-69e3965b0fd25\"\n\t\t\tvalue=\"\"\n\t\t\tplaceholder=\"Anreisedatum\"\n\t\t\trequired=\"required\"\n\t\t\ttype=\"text\"\n\t\t\tinputmode=\"none\"\n\t\t\tname=\"mphb_check_in_date\"\n\t\t\tclass=\"mphb-datepick\"\n\t\t\tautocomplete=\"off\"\n\t\t\t\/>\n\t<\/p>\n\n\t<p class=\"mphb_sc_search-check-out-date\">\n\t\t<label for=\"mphb_check_out_date-mphb-search-form-69e3965b0fd25\">\n\t\t\tAbreise\t\t\t<abbr title=\"Formatiert als dd\/mm\/yyyy\">*<\/abbr>\n\t\t<\/label>\n\t\t<br \/>\n\t\t<input\n\t\t\tid=\"mphb_check_out_date-mphb-search-form-69e3965b0fd25\"\n\t\t\tdata-datepick-group=\"mphb-search-form-69e3965b0fd25\"\n\t\t\tvalue=\"\"\n\t\t\tplaceholder=\"Abreisedatum\"\n\t\t\trequired=\"required\"\n\t\t\ttype=\"text\"\n\t\t\tinputmode=\"none\"\n\t\t\tname=\"mphb_check_out_date\"\n\t\t\tclass=\"mphb-datepick\"\n\t\t\tautocomplete=\"off\"\n\t\t\t\/>\n\t<\/p>\n\n\t\t\t<p class=\"mphb_sc_search-adults\">\n\t\t\t<label for=\"mphb_adults-mphb-search-form-69e3965b0fd25\">\n\t\t\t\tErwachsene\t\t\t<\/label>\n\t\t\t<br \/>\n\t\t\t<select id=\"mphb_adults-mphb-search-form-69e3965b0fd25\" name=\"mphb_adults\" >\n\t\t\t\t\t\t\t\t\t<option value=\"1\"  selected='selected'>1<\/option>\n\t\t\t\t\t\t\t\t\t<option value=\"2\" >2<\/option>\n\t\t\t\t\t\t\t\t\t<option value=\"3\" >3<\/option>\n\t\t\t\t\t\t\t\t\t<option value=\"4\" >4<\/option>\n\t\t\t\t\t\t\t\t\t<option value=\"5\" >5<\/option>\n\t\t\t\t\t\t\t\t\t<option value=\"6\" >6<\/option>\n\t\t\t\t\t\t\t\t\t<option value=\"7\" >7<\/option>\n\t\t\t\t\t\t\t\t\t<option value=\"8\" >8<\/option>\n\t\t\t\t\t\t\t\t\t<option value=\"9\" >9<\/option>\n\t\t\t\t\t\t\t\t\t<option value=\"10\" >10<\/option>\n\t\t\t\t\t\t\t\t\t<option value=\"11\" >11<\/option>\n\t\t\t\t\t\t\t\t\t<option value=\"12\" >12<\/option>\n\t\t\t\t\t\t\t\t\t<option value=\"13\" >13<\/option>\n\t\t\t\t\t\t\t\t\t<option value=\"14\" >14<\/option>\n\t\t\t\t\t\t\t\t\t<option value=\"15\" >15<\/option>\n\t\t\t\t\t\t\t\t\t<option value=\"16\" >16<\/option>\n\t\t\t\t\t\t\t\t\t<option value=\"17\" >17<\/option>\n\t\t\t\t\t\t\t\t\t<option value=\"18\" >18<\/option>\n\t\t\t\t\t\t\t\t\t<option value=\"19\" >19<\/option>\n\t\t\t\t\t\t\t\t\t<option value=\"20\" >20<\/option>\n\t\t\t\t\t\t\t\t\t<option value=\"21\" >21<\/option>\n\t\t\t\t\t\t\t\t\t<option value=\"22\" >22<\/option>\n\t\t\t\t\t\t\t\t\t<option value=\"23\" >23<\/option>\n\t\t\t\t\t\t\t\t\t<option value=\"24\" >24<\/option>\n\t\t\t\t\t\t\t\t\t<option value=\"25\" >25<\/option>\n\t\t\t\t\t\t\t\t\t<option value=\"26\" >26<\/option>\n\t\t\t\t\t\t\t\t\t<option value=\"27\" >27<\/option>\n\t\t\t\t\t\t\t\t\t<option value=\"28\" >28<\/option>\n\t\t\t\t\t\t\t\t\t<option value=\"29\" >29<\/option>\n\t\t\t\t\t\t\t\t\t<option value=\"30\" >30<\/option>\n\t\t\t\t\t\t\t<\/select>\n\t\t<\/p>\n\t\n\t\t\t<p class=\"mphb_sc_search-children\">\n\t\t\t<label for=\"mphb_children-mphb-search-form-69e3965b0fd25\">\n\t\t\t\tKinder\t\t\t<\/label>\n\t\t\t<br \/>\n\t\t\t<select id=\"mphb_children-mphb-search-form-69e3965b0fd25\" name=\"mphb_children\">\n\t\t\t\t\t\t\t\t\t<option value=\"0\"  selected='selected'>0<\/option>\n\t\t\t\t\t\t\t\t\t<option value=\"1\" >1<\/option>\n\t\t\t\t\t\t\t\t\t<option value=\"2\" >2<\/option>\n\t\t\t\t\t\t\t\t\t<option value=\"3\" >3<\/option>\n\t\t\t\t\t\t\t\t\t<option value=\"4\" >4<\/option>\n\t\t\t\t\t\t\t\t\t<option value=\"5\" >5<\/option>\n\t\t\t\t\t\t\t\t\t<option value=\"6\" >6<\/option>\n\t\t\t\t\t\t\t\t\t<option value=\"7\" >7<\/option>\n\t\t\t\t\t\t\t\t\t<option value=\"8\" >8<\/option>\n\t\t\t\t\t\t\t\t\t<option value=\"9\" >9<\/option>\n\t\t\t\t\t\t\t\t\t<option value=\"10\" >10<\/option>\n\t\t\t\t\t\t\t<\/select>\n\t\t<\/p>\n\t\n\t\n\t\n\t<input id=\"mphb_check_in_date-mphb-search-form-69e3965b0fd25-hidden\" value=\"\" type=\"hidden\" name=\"mphb_check_in_date\" \/><input id=\"mphb_check_out_date-mphb-search-form-69e3965b0fd25-hidden\" value=\"\" type=\"hidden\" name=\"mphb_check_out_date\" \/>\n\t<p class=\"mphb_sc_search-submit-button-wrapper\">\n\t\t<input type=\"submit\" class=\"button\" value=\"Suche\"\/>\n\t<\/p>\n\n\t\n<\/form>\n<\/div><\/div>\n<\/div>\n\n\n\n<p><\/p>\n","protected":false},"excerpt":{"rendered":"<p>Wir sprechen Englisch, Thail\u00e4ndisch, Japanisch und Laotisch. Auf Anfrage hin auch Deutsch und Schweizerdeutsch an gewissen Daten. Gef\u00fchrte Kleingruppen Touren finden von November bis Anfangs M\u00e4rz statt. Individual Reisende und Backpacker, \u00dcbernachtung in der Beemagic FarmHier kannst du einfach ein paar N\u00e4chte in unserem einfachen Holzhaus in der Beemagic Farm \u00fcbernachten. Die Farm ist sehr abgelegen, du brauchst entweder ein&#8230;<\/p>\n<p><a class=\"more-link\" href=\"https:\/\/beemagic.asia\/?page_id=13\">Read More<\/a><\/p>","protected":false},"author":1,"featured_media":0,"parent":0,"menu_order":0,"comment_status":"closed","ping_status":"closed","template":"","meta":{"give_campaign_id":0,"footnotes":""},"campaignId":"","jetpack_sharing_enabled":true,"_links":{"self":[{"href":"https:\/\/beemagic.asia\/index.php?rest_route=\/wp\/v2\/pages\/13"}],"collection":[{"href":"https:\/\/beemagic.asia\/index.php?rest_route=\/wp\/v2\/pages"}],"about":[{"href":"https:\/\/beemagic.asia\/index.php?rest_route=\/wp\/v2\/types\/page"}],"author":[{"embeddable":true,"href":"https:\/\/beemagic.asia\/index.php?rest_route=\/wp\/v2\/users\/1"}],"replies":[{"embeddable":true,"href":"https:\/\/beemagic.asia\/index.php?rest_route=%2Fwp%2Fv2%2Fcomments&post=13"}],"version-history":[{"count":11,"href":"https:\/\/beemagic.asia\/index.php?rest_route=\/wp\/v2\/pages\/13\/revisions"}],"predecessor-version":[{"id":702,"href":"https:\/\/beemagic.asia\/index.php?rest_route=\/wp\/v2\/pages\/13\/revisions\/702"}],"wp:attachment":[{"href":"https:\/\/beemagic.asia\/index.php?rest_route=%2Fwp%2Fv2%2Fmedia&parent=13"}],"curies":[{"name":"wp","href":"https:\/\/api.w.org\/{rel}","templated":true}]}}