{"id":14,"date":"2020-12-12T14:35:58","date_gmt":"2020-12-12T14:35:58","guid":{"rendered":"https:\/\/beemagic.asia\/?page_id=14"},"modified":"2021-12-27T19:53:16","modified_gmt":"2021-12-27T19:53:16","slug":"news","status":"publish","type":"page","link":"https:\/\/beemagic.asia\/?page_id=14","title":{"rendered":"Infos"},"content":{"rendered":"\n<div class=\"wp-block-columns is-layout-flex wp-container-core-columns-is-layout-1 wp-block-columns-is-layout-flex\">\n<div class=\"wp-block-column is-layout-flow wp-block-column-is-layout-flow\">\n<h2 class=\"wp-block-heading\">Luang Prabang<\/h2>\n<\/div>\n\n\n\n<div class=\"wp-block-column is-layout-flow wp-block-column-is-layout-flow\">\n<figure class=\"wp-block-image size-large\"><img loading=\"lazy\" decoding=\"async\" width=\"800\" height=\"450\" src=\"https:\/\/beemagic.asia\/wp-content\/uploads\/2020\/12\/LUANG-PRABANG.jpg\" alt=\"\" class=\"wp-image-145\" srcset=\"https:\/\/beemagic.asia\/wp-content\/uploads\/2020\/12\/LUANG-PRABANG.jpg 800w, https:\/\/beemagic.asia\/wp-content\/uploads\/2020\/12\/LUANG-PRABANG-300x169.jpg 300w, https:\/\/beemagic.asia\/wp-content\/uploads\/2020\/12\/LUANG-PRABANG-768x432.jpg 768w, https:\/\/beemagic.asia\/wp-content\/uploads\/2020\/12\/LUANG-PRABANG-600x338.jpg 600w\" sizes=\"(max-width: 800px) 100vw, 800px\" \/><\/figure>\n<\/div>\n\n\n\n<div class=\"wp-block-column is-layout-flow wp-block-column-is-layout-flow\">\n<h6 class=\"wp-block-heading\">Wenn dieses Binnenland das vergessene Geschwister S\u00fcdostasiens ist, dann ist Luang Prabang der Au\u00dfenseiter, der es an die Spitze bringen wird.&nbsp;Vergessen Sie das touristisch gepr\u00e4gte Vang Vieng und schl\u00e4ngeln Sie sich den Mekong hinauf zu diesem entspannten Juwel einer Stadt.&nbsp;Es ist perfekt f\u00fcr dich, egal ob du ein Backpacker, Flashpacker oder irgendetwas dazwischen bist.&nbsp;<\/h6>\n<\/div>\n<\/div>\n\n\n\n<p><\/p>\n","protected":false},"excerpt":{"rendered":"<p>Luang Prabang Wenn dieses Binnenland das vergessene Geschwister S\u00fcdostasiens ist, dann ist Luang Prabang der Au\u00dfenseiter, der es an die Spitze bringen wird.&nbsp;Vergessen Sie das touristisch gepr\u00e4gte Vang Vieng und schl\u00e4ngeln Sie sich den Mekong hinauf zu diesem entspannten Juwel einer Stadt.&nbsp;Es ist perfekt f\u00fcr dich, egal ob du ein Backpacker, Flashpacker oder irgendetwas dazwischen bist.&nbsp;<\/p>\n<p><a class=\"more-link\" href=\"https:\/\/beemagic.asia\/?page_id=14\">Read More<\/a><\/p>","protected":false},"author":1,"featured_media":0,"parent":0,"menu_order":0,"comment_status":"closed","ping_status":"closed","template":"","meta":{"give_campaign_id":0,"footnotes":""},"campaignId":"","jetpack_sharing_enabled":true,"_links":{"self":[{"href":"https:\/\/beemagic.asia\/index.php?rest_route=\/wp\/v2\/pages\/14"}],"collection":[{"href":"https:\/\/beemagic.asia\/index.php?rest_route=\/wp\/v2\/pages"}],"about":[{"href":"https:\/\/beemagic.asia\/index.php?rest_route=\/wp\/v2\/types\/page"}],"author":[{"embeddable":true,"href":"https:\/\/beemagic.asia\/index.php?rest_route=\/wp\/v2\/users\/1"}],"replies":[{"embeddable":true,"href":"https:\/\/beemagic.asia\/index.php?rest_route=%2Fwp%2Fv2%2Fcomments&post=14"}],"version-history":[{"count":3,"href":"https:\/\/beemagic.asia\/index.php?rest_route=\/wp\/v2\/pages\/14\/revisions"}],"predecessor-version":[{"id":442,"href":"https:\/\/beemagic.asia\/index.php?rest_route=\/wp\/v2\/pages\/14\/revisions\/442"}],"wp:attachment":[{"href":"https:\/\/beemagic.asia\/index.php?rest_route=%2Fwp%2Fv2%2Fmedia&parent=14"}],"curies":[{"name":"wp","href":"https:\/\/api.w.org\/{rel}","templated":true}]}}