{"id":219,"date":"2021-02-07T19:15:18","date_gmt":"2021-02-07T19:15:18","guid":{"rendered":"https:\/\/beemagic.asia\/?page_id=219"},"modified":"2021-02-07T19:18:50","modified_gmt":"2021-02-07T19:18:50","slug":"impressum","status":"publish","type":"page","link":"https:\/\/beemagic.asia\/?page_id=219","title":{"rendered":"IMPRESSUM"},"content":{"rendered":"\n<p><strong>Kontakt-Adresse<\/strong><\/p>\n\n\n\n<p><strong>Mirjam Kr\u00e4nzlin<\/strong>&nbsp;<br>Jonenstrasse 35<br>8909 Zwillikon<br>Schweiz<\/p>\n\n\n\n<p>E-Mail: mirjam.kraenzlin@gmx.ch<br>Web-Site: https:\/\/beemagic.asia<br><\/p>\n\n\n\n<p><strong>Vertretungsberechtigte Person(en) Mirjam Kr\u00e4nzlin<\/strong>&nbsp;<br>Gesch\u00e4ftsinhaber<\/p>\n\n\n\n<p><strong>Handelsregister-Eintrag<\/strong><\/p>\n\n\n\n<p>Kein Eintrag vorhanden<\/p>\n\n\n\n<p><strong>Mehrwertsteuer-Nummer<\/strong><br>Nicht MwSt Pflichtig<\/p>\n\n\n\n<p><strong>Haftungsausschluss<\/strong>Der Autor \u00fcbernimmt keinerlei Gew\u00e4hr hinsichtlich der inhaltlichen Richtigkeit, Genauigkeit, Aktualit\u00e4t, Zuverl\u00e4ssigkeit und Vollst\u00e4ndigkeit der Informationen.<\/p>\n\n\n\n<p>Haftungsanspr\u00fcche gegen den Autor wegen Sch\u00e4den materieller oder immaterieller Art, welche aus dem Zugriff oder der Nutzung bzw. Nichtnutzung der ver\u00f6ffentlichten Informationen, durch Missbrauch der Verbindung oder durch technische St\u00f6rungen entstanden sind, werden ausgeschlossen.<\/p>\n\n\n\n<p>Alle Angebote sind unverbindlich. Der Autor beh\u00e4lt es sich ausdr\u00fccklich vor, Teile der Seiten oder das gesamte Angebot ohne besondere Ank\u00fcndigung zu ver\u00e4ndern, zu erg\u00e4nzen, zu l\u00f6schen oder die Ver\u00f6ffentlichung zeitweise oder endg\u00fcltig einzustellen.<\/p>\n\n\n\n<p><strong>Haftungsausschluss f\u00fcr Links<\/strong><\/p>\n\n\n\n<p>Verweise und Links auf Webseiten Dritter liegen ausserhalb unseres Verantwortungsbereichs. Es wird jegliche Verantwortung f\u00fcr solche Webseiten abgelehnt. Der Zugriff und die Nutzung solcher Webseiten erfolgen auf eigene Gefahr des jeweiligen Nutzers.<\/p>\n\n\n\n<p><strong>Urheberrechte<\/strong><\/p>\n\n\n\n<p>Die Urheber- und alle anderen Rechte an Inhalten, Bildern, Fotos oder anderen Dateien auf dieser Website, geh\u00f6ren ausschliesslich&nbsp;<strong>Mirjam Kr\u00e4nzlin<\/strong>&nbsp;oder den speziell genannten Rechteinhabern. F\u00fcr die Reproduktion jeglicher Elemente ist die schriftliche Zustimmung des Urheberrechtstr\u00e4gers im Voraus einzuholen.<br>Impressum erstellt mit freundlicher Unterst\u00fctzung von: Quelle:&nbsp;<a rel=\"noreferrer noopener\" href=\"https:\/\/www.swissanwalt.ch\/\" target=\"_blank\">SwissAnwalt<\/a><\/p>\n","protected":false},"excerpt":{"rendered":"<p>Kontakt-Adresse Mirjam Kr\u00e4nzlin&nbsp;Jonenstrasse 358909 ZwillikonSchweiz E-Mail: mirjam.kraenzlin@gmx.chWeb-Site: https:\/\/beemagic.asia Vertretungsberechtigte Person(en) Mirjam Kr\u00e4nzlin&nbsp;Gesch\u00e4ftsinhaber Handelsregister-Eintrag Kein Eintrag vorhanden Mehrwertsteuer-NummerNicht MwSt Pflichtig HaftungsausschlussDer Autor \u00fcbernimmt keinerlei Gew\u00e4hr hinsichtlich der inhaltlichen Richtigkeit, Genauigkeit, Aktualit\u00e4t, Zuverl\u00e4ssigkeit und Vollst\u00e4ndigkeit der Informationen. Haftungsanspr\u00fcche gegen den Autor wegen Sch\u00e4den materieller oder immaterieller Art, welche aus dem Zugriff oder der Nutzung bzw. Nichtnutzung der ver\u00f6ffentlichten Informationen, durch Missbrauch der&#8230;<\/p>\n<p><a class=\"more-link\" href=\"https:\/\/beemagic.asia\/?page_id=219\">Read More<\/a><\/p>","protected":false},"author":1,"featured_media":0,"parent":0,"menu_order":0,"comment_status":"closed","ping_status":"closed","template":"","meta":{"give_campaign_id":0,"footnotes":""},"campaignId":"","jetpack_sharing_enabled":true,"_links":{"self":[{"href":"https:\/\/beemagic.asia\/index.php?rest_route=\/wp\/v2\/pages\/219"}],"collection":[{"href":"https:\/\/beemagic.asia\/index.php?rest_route=\/wp\/v2\/pages"}],"about":[{"href":"https:\/\/beemagic.asia\/index.php?rest_route=\/wp\/v2\/types\/page"}],"author":[{"embeddable":true,"href":"https:\/\/beemagic.asia\/index.php?rest_route=\/wp\/v2\/users\/1"}],"replies":[{"embeddable":true,"href":"https:\/\/beemagic.asia\/index.php?rest_route=%2Fwp%2Fv2%2Fcomments&post=219"}],"version-history":[{"count":3,"href":"https:\/\/beemagic.asia\/index.php?rest_route=\/wp\/v2\/pages\/219\/revisions"}],"predecessor-version":[{"id":225,"href":"https:\/\/beemagic.asia\/index.php?rest_route=\/wp\/v2\/pages\/219\/revisions\/225"}],"wp:attachment":[{"href":"https:\/\/beemagic.asia\/index.php?rest_route=%2Fwp%2Fv2%2Fmedia&parent=219"}],"curies":[{"name":"wp","href":"https:\/\/api.w.org\/{rel}","templated":true}]}}