{"id":62,"date":"2020-12-12T18:50:36","date_gmt":"2020-12-12T18:50:36","guid":{"rendered":"https:\/\/beemagic.asia\/?page_id=62"},"modified":"2022-06-22T07:45:34","modified_gmt":"2022-06-22T07:45:34","slug":"donate","status":"publish","type":"page","link":"https:\/\/beemagic.asia\/?page_id=62","title":{"rendered":"Projekt unterst\u00fctzen"},"content":{"rendered":"\n<div class=\"wp-block-buttons is-layout-flex wp-block-buttons-is-layout-flex\">\n<div class=\"wp-block-button\"><a class=\"wp-block-button__link\">Untest\u00fctze ein AKTUELLES Porjekt VON UNS<\/a><\/div>\n<\/div>\n\n\n\n<p><strong>Projekt 1: Bildungseinreichtung und Bibliothek im Ponsa-ath Dorf, f\u00fcr 11 D\u00f6rfer<\/strong>.<br>Gesamtkosten ca. 27 000 Schweizer Franken\/Dollar.<br>Bereits erhaltene Spenden: 4000.-, offener Betrag 23000.-<br>Realisierung: Sept 2021- M\u00e4rz 2023<\/p>\n\n\n\n<p><\/p>\n\n\n\n<p><strong>Projekt 2: &#8222;Ganzj\u00e4hriges und nachhaltiges Bew\u00e4sserungssystem der Beemagic Farm&#8220;<\/strong> <strong>sowie Schulung der Bauern in nachhaltiger, biologischer Landwirtschaft<\/strong><br>Fortsetzung des Projektes sobald wir Spenden erhalten<\/p>\n\n\n\n<p><\/p>\n\n\n\n<h2 class=\"wp-block-heading\">Mitwirkungsm\u00f6glichkeiten<\/h2>\n\n\n\n<p>Werde ein Teil unserer Gemeinschaft! Wir freuen uns sehr, dass du ein Teil unserer Beemagic Community wirst. Wir zaubern gemeinsam neues!<\/p>\n\n\n\n<p><strong>Du hast 4 verschiedene M\u00f6glichkeiten etwas zu spenden.<\/strong><\/p>\n\n\n\n<ol><li><strong>Projektbezogene Spenden<\/strong> <br>(f\u00fcr das Material des Geb\u00e4udes, Lohnkosten der Arbeiter, Miete von Maschinen&#8230;.) Klicke unten auf Spenden.<br><\/li><li><strong>Sachspenden<\/strong> <br>(einfache Englisch B\u00fccher zu verschiedenen Themen, einfache IT B\u00fccher f\u00fcr Anf\u00e4nger, Second Hand computer, leere Notizbl\u00f6cke, Schreibmaterial. Bitte kontaktiere uns vorher. info@beemagic.asia, +41763777878<br><\/li><li><strong>Dein Pers\u00f6nlicher Einsatz vor Ort<\/strong> <br>(November bis M\u00e4rz m\u00f6glich ) Wir sind immer froh um starke Arme f\u00fcr den Aufbau des Geb\u00e4udes. Kostenlose, einfache \u00dcbernachtung inkl. Essen sind inbegriffen, sowie ein grosser kultureller Einblick in die Laotische Landbev\u00f6lkerung.<br><\/li><li><strong>Indirekte Spende durch die Beemagic Reisen<br><\/strong>(gef\u00fchrte Kleingruppen Reisen durch Laos. Ein Grossteil des Betrages wird dem Beemagic Verein gespendet.) Link zu den Reiseangeboten folgt.<\/li><\/ol>\n\n\n\n<p>HIER GEHTS WEITER F\u00dcR PROJEKTBEZOGENE SPENDEN..<\/p>\n\n\n<div class=\"give-embed-form-wrapper\" id=\"give-69e3801fb0a7e\"><iframe\n\t\t\t\tname=\"give-embed-form\"\n\t\t\t\tsrc=\"https:\/\/beemagic.asia?give_form_id=donation-form&#038;giveDonationFormInIframe=1&#038;rest_route=%2Fwp%2Fv2%2Fpages%2F62#038;url_prefix=give\"\n\t\t\t\t\n\t\t\t\tdata-autoScroll=\"0\"\n\t\t\t\tonload=\"if( 'undefined' !== typeof Give ) { Give.initializeIframeResize(this) }\"\n\t\t\t\tstyle=\"border: 0;visibility: hidden;min-height: 598px;\"><\/iframe><div class=\"iframe-loader\">\n<div style=\"\n\t\theight: calc(100% - 28px);\n\t\twidth: calc(100% - 20px);\n\t\tmax-width: 552px;\n\t\tmargin: 10px auto 10px auto;\n\t\tbackground: transparent;\n\t\tborder-radius: 6px;\n\t\tdisplay: flex;\n\t\talign-items: center;\n\t\tjustify-content: center;\n\t\">\n    <div style=\"\n        pointer-events: none;\n        height: 90px;\n        width: 90px;\n        background-image: url(&quot;data:image\/svg+xml;charset=utf8,%3C?xml version='1.0' encoding='utf-8'?%3E%3C!-- Generator: Adobe Illustrator 24.1.0, SVG Export Plug-In . SVG Version: 6.00 Build 0) --%3E%3Csvg version='1.1' id='Layer_1' xmlns='http:\/\/www.w3.org\/2000\/svg' xmlns:xlink='http:\/\/www.w3.org\/1999\/xlink' x='0px' y='0px' viewBox='0 0 349 348' style='enable-background:new 0 0 349 348;' xml:space='preserve'%3E%3Cstyle type='text\/css'%3E .st0{fill:%234fa651;} %3C\/style%3E%3Cpath class='st0' d='M25.1,204.57c-13.38,0-24.47-10.6-24.97-24.08C0.04,178.09,0,175.97,0,174C0,77.78,78.28-0.5,174.5-0.5 c13.81,0,25,11.19,25,25s-11.19,25-25,25C105.85,49.5,50,105.35,50,174c0,1.37,0.03,2.85,0.1,4.65c0.51,13.8-10.27,25.39-24.07,25.9 C25.72,204.56,25.41,204.57,25.1,204.57z'\/%3E%3Cpath class='st0' d='M174.5,348.5c-13.81,0-25-11.19-25-25c0-13.81,11.19-25,25-25c68.65,0,124.5-55.85,124.5-124.5 c0-1.38-0.03-2.85-0.1-4.65c-0.51-13.8,10.26-25.4,24.06-25.91c13.83-0.53,25.4,10.26,25.91,24.06c0.09,2.39,0.13,4.51,0.13,6.49 C349,270.22,270.72,348.5,174.5,348.5z'\/%3E%3C\/svg%3E&quot;);\n        animation: spin 0.6s linear infinite;\n        \"><\/div>\n<\/div>\n<\/div><\/div>","protected":false},"excerpt":{"rendered":"<p>Projekt 1: Bildungseinreichtung und Bibliothek im Ponsa-ath Dorf, f\u00fcr 11 D\u00f6rfer.Gesamtkosten ca. 27 000 Schweizer Franken\/Dollar.Bereits erhaltene Spenden: 4000.-, offener Betrag 23000.-Realisierung: Sept 2021- M\u00e4rz 2023 Projekt 2: &#8222;Ganzj\u00e4hriges und nachhaltiges Bew\u00e4sserungssystem der Beemagic Farm&#8220; sowie Schulung der Bauern in nachhaltiger, biologischer LandwirtschaftFortsetzung des Projektes sobald wir Spenden erhalten Mitwirkungsm\u00f6glichkeiten Werde ein Teil unserer Gemeinschaft! Wir freuen uns sehr, dass&#8230;<\/p>\n<p><a class=\"more-link\" href=\"https:\/\/beemagic.asia\/?page_id=62\">Read More<\/a><\/p>","protected":false},"author":1,"featured_media":0,"parent":0,"menu_order":0,"comment_status":"closed","ping_status":"closed","template":"","meta":{"give_campaign_id":0,"footnotes":""},"campaignId":"","jetpack_sharing_enabled":true,"_links":{"self":[{"href":"https:\/\/beemagic.asia\/index.php?rest_route=\/wp\/v2\/pages\/62"}],"collection":[{"href":"https:\/\/beemagic.asia\/index.php?rest_route=\/wp\/v2\/pages"}],"about":[{"href":"https:\/\/beemagic.asia\/index.php?rest_route=\/wp\/v2\/types\/page"}],"author":[{"embeddable":true,"href":"https:\/\/beemagic.asia\/index.php?rest_route=\/wp\/v2\/users\/1"}],"replies":[{"embeddable":true,"href":"https:\/\/beemagic.asia\/index.php?rest_route=%2Fwp%2Fv2%2Fcomments&post=62"}],"version-history":[{"count":16,"href":"https:\/\/beemagic.asia\/index.php?rest_route=\/wp\/v2\/pages\/62\/revisions"}],"predecessor-version":[{"id":694,"href":"https:\/\/beemagic.asia\/index.php?rest_route=\/wp\/v2\/pages\/62\/revisions\/694"}],"wp:attachment":[{"href":"https:\/\/beemagic.asia\/index.php?rest_route=%2Fwp%2Fv2%2Fmedia&parent=62"}],"curies":[{"name":"wp","href":"https:\/\/api.w.org\/{rel}","templated":true}]}}